{"id":797,"date":"2020-05-28T15:12:50","date_gmt":"2020-05-28T21:12:50","guid":{"rendered":"http:\/\/www.gaman360.com\/?page_id=797"},"modified":"2020-06-24T13:59:12","modified_gmt":"2020-06-24T19:59:12","slug":"caretas-covid19-genericas","status":"publish","type":"page","link":"http:\/\/www.gaman360.com\/index.php\/caretas-covid19-genericas\/","title":{"rendered":"Caretas COVID19 Gen\u00e9ricas"},"content":{"rendered":"<p>[vc_row][vc_column css=&#8221;.vc_custom_1590705976872{margin-top: -250px !important;}&#8221;][vc_single_image image=&#8221;804&#8243; img_size=&#8221;full&#8221; alignment=&#8221;center&#8221; onclick=&#8221;link_image&#8221;][\/vc_column][\/vc_row][vc_row][vc_column][vc_column_text]<strong>Actualmente contamos con dos modelos:<\/strong><\/p>\n<p>Modelo con careta de acetato transparente<br \/>\nModelo con careta de acetato PERSONALIZADA con recorte de vinil con la imagen del superh\u00e9roe que desees.<\/p>\n<p>Careta de acetato sin vinil (ni\u00f1o y adulto)<br \/>\nCareta de acetato con vinil (ni\u00f1o y adulto)<\/p>\n<p>Los pedidos para entrega en CDMX tienen un costo de $50 y para el interior de La Rep\u00fablica Mexicana tienen un costo de $180.00 pesos por paqueter\u00eda Fedex. Los env\u00edos por FEDEX se realizan en un sobre tama\u00f1o oficio con capacidad de una a 10 piezas.<\/p>\n<p>El proceso de compra es el siguiente:<\/p>\n<p>Paso 1 LEVANTA TU PEDIDO<br \/>\nEnv\u00edame un whatsapp al tel\u00e9fono 55-4448-4502 tu nombre, cantidad de caretas que deseas y modelo (especificando si son para ni\u00f1o o adulto y tipo de superh\u00e9roe) as\u00ed como tu direcci\u00f3n de entrega.<\/p>\n<p>Paso 2 DATOS DE DEP\u00d3SITO<\/p>\n<p>Banco Banamex<br \/>\nSucursal 7012<br \/>\nno. de cuenta 1132425<br \/>\nCLABE: 002180701211324255<br \/>\nTitular GAMAN 360 SA DE CV<br \/>\nIMPORTANTE: En el campo concepto escribe tu nombre.<\/p>\n<p>Paso 3. CONFIRMACI\u00d3N DE PAGO<br \/>\nRealiza tu pago. M\u00e1ndalo por este misma v\u00eda y te regreso tu confirmaci\u00f3n del pedido.<\/p>\n<p>Paso 4 ENV\u00cdOS Y RECEPCI\u00d3N<br \/>\nEn aproximadamente 2 a 3 d\u00edas te entregamos tu careta en CDMX (previa confirmaci\u00f3n telef\u00f3nica) y para el interior de La Rep\u00fablica Mexicana en aproximadamente 3 d\u00edas enviamos tu pedido por paqueter\u00eda. Fedex estar realizando env\u00edos a la Rep\u00fablica entregando de 3 a 5 d\u00edas posteriores a[\/vc_column_text][\/vc_column][\/vc_row][vc_row][vc_column][vc_single_image image=&#8221;792&#8243; img_size=&#8221;full&#8221; alignment=&#8221;center&#8221; onclick=&#8221;link_image&#8221;][vc_single_image image=&#8221;793&#8243; img_size=&#8221;full&#8221; alignment=&#8221;center&#8221; onclick=&#8221;link_image&#8221;][vc_single_image image=&#8221;794&#8243; img_size=&#8221;full&#8221; alignment=&#8221;center&#8221; onclick=&#8221;link_image&#8221;][\/vc_column][\/vc_row]<\/p>\n","protected":false},"excerpt":{"rendered":"<p>[vc_row][vc_column css=&#8221;.vc_custom_1590705976872{margin-top: -250px !important;}&#8221;][vc_single_image image=&#8221;804&#8243; img_size=&#8221;full&#8221; alignment=&#8221;center&#8221; onclick=&#8221;link_image&#8221;][\/vc_column][\/vc_row][vc_row][vc_column][vc_column_text]Actualmente contamos con dos modelos: Modelo con careta de acetato transparente Modelo con careta de acetato PERSONALIZADA con recorte de vinil con la imagen del superh\u00e9roe que desees. Careta de acetato sin vinil (ni\u00f1o y adulto) Careta de acetato con vinil (ni\u00f1o y adulto) Los pedidos para entrega&hellip; <br \/> <a class=\"button small blue\" href=\"http:\/\/www.gaman360.com\/index.php\/caretas-covid19-genericas\/\">Read more<\/a><\/p>\n","protected":false},"author":1,"featured_media":0,"parent":0,"menu_order":0,"comment_status":"closed","ping_status":"closed","template":"","meta":[],"yoast_head":"<!-- This site is optimized with the Yoast SEO plugin v17.7.1 - https:\/\/yoast.com\/wordpress\/plugins\/seo\/ -->\n<title>Caretas COVID19 Gen\u00e9ricas - Gaman360 Proteccion facial<\/title>\n<meta name=\"description\" content=\"Caretas COVID19, proteccion extra, material de PVC lavable, dise\u00f1os personalizables, medidas para ni\u00f1o y adulto, pregunta por todos los modelos.\" \/>\n<meta name=\"robots\" content=\"index, follow, max-snippet:-1, max-image-preview:large, max-video-preview:-1\" \/>\n<link rel=\"canonical\" href=\"http:\/\/www.gaman360.com\/index.php\/caretas-covid19-genericas\/\" \/>\n<meta property=\"og:locale\" content=\"es_MX\" \/>\n<meta property=\"og:type\" content=\"article\" \/>\n<meta property=\"og:title\" content=\"Caretas COVID19 Gen\u00e9ricas - Gaman360 Proteccion facial\" \/>\n<meta property=\"og:description\" content=\"Caretas COVID19, proteccion extra, material de PVC lavable, dise\u00f1os personalizables, medidas para ni\u00f1o y adulto, pregunta por todos los modelos.\" \/>\n<meta property=\"og:url\" content=\"http:\/\/www.gaman360.com\/index.php\/caretas-covid19-genericas\/\" \/>\n<meta property=\"og:site_name\" content=\"Gaman360\" \/>\n<meta property=\"article:publisher\" content=\"https:\/\/www.facebook.com\/gaman360.mx\/\" \/>\n<meta property=\"article:modified_time\" content=\"2020-06-24T19:59:12+00:00\" \/>\n<meta name=\"twitter:card\" content=\"summary_large_image\" \/>\n<meta name=\"twitter:label1\" content=\"Tiempo de lectura\" \/>\n\t<meta name=\"twitter:data1\" content=\"2 minutos\" \/>\n<script type=\"application\/ld+json\" class=\"yoast-schema-graph\">{\"@context\":\"https:\/\/schema.org\",\"@graph\":[{\"@type\":\"Organization\",\"@id\":\"http:\/\/www.gaman360.com\/#organization\",\"name\":\"Gaman360\",\"url\":\"http:\/\/www.gaman360.com\/\",\"sameAs\":[\"https:\/\/www.facebook.com\/gaman360.mx\/\",\"https:\/\/www.instagram.com\/gaman360\"],\"logo\":{\"@type\":\"ImageObject\",\"@id\":\"http:\/\/www.gaman360.com\/#logo\",\"inLanguage\":\"es-MX\",\"url\":\"http:\/\/www.gaman360.com\/wp-content\/uploads\/2018\/07\/Logo-Gaman-orig.png\",\"contentUrl\":\"http:\/\/www.gaman360.com\/wp-content\/uploads\/2018\/07\/Logo-Gaman-orig.png\",\"width\":1100,\"height\":400,\"caption\":\"Gaman360\"},\"image\":{\"@id\":\"http:\/\/www.gaman360.com\/#logo\"}},{\"@type\":\"WebSite\",\"@id\":\"http:\/\/www.gaman360.com\/#website\",\"url\":\"http:\/\/www.gaman360.com\/\",\"name\":\"Gaman360\",\"description\":\"PROFESIONALES EN IMPRESI\\u00d3N Y FABRICACI\\u00d3N DE MATERIALES POP\",\"publisher\":{\"@id\":\"http:\/\/www.gaman360.com\/#organization\"},\"potentialAction\":[{\"@type\":\"SearchAction\",\"target\":{\"@type\":\"EntryPoint\",\"urlTemplate\":\"http:\/\/www.gaman360.com\/?s={search_term_string}\"},\"query-input\":\"required name=search_term_string\"}],\"inLanguage\":\"es-MX\"},{\"@type\":\"WebPage\",\"@id\":\"http:\/\/www.gaman360.com\/index.php\/caretas-covid19-genericas\/#webpage\",\"url\":\"http:\/\/www.gaman360.com\/index.php\/caretas-covid19-genericas\/\",\"name\":\"Caretas COVID19 Gen\\u00e9ricas - Gaman360 Proteccion facial\",\"isPartOf\":{\"@id\":\"http:\/\/www.gaman360.com\/#website\"},\"datePublished\":\"2020-05-28T21:12:50+00:00\",\"dateModified\":\"2020-06-24T19:59:12+00:00\",\"description\":\"Caretas COVID19, proteccion extra, material de PVC lavable, dise\\u00f1os personalizables, medidas para ni\\u00f1o y adulto, pregunta por todos los modelos.\",\"breadcrumb\":{\"@id\":\"http:\/\/www.gaman360.com\/index.php\/caretas-covid19-genericas\/#breadcrumb\"},\"inLanguage\":\"es-MX\",\"potentialAction\":[{\"@type\":\"ReadAction\",\"target\":[\"http:\/\/www.gaman360.com\/index.php\/caretas-covid19-genericas\/\"]}]},{\"@type\":\"BreadcrumbList\",\"@id\":\"http:\/\/www.gaman360.com\/index.php\/caretas-covid19-genericas\/#breadcrumb\",\"itemListElement\":[{\"@type\":\"ListItem\",\"position\":1,\"name\":\"Inicio\",\"item\":\"http:\/\/www.gaman360.com\/\"},{\"@type\":\"ListItem\",\"position\":2,\"name\":\"Caretas COVID19 Gen\\u00e9ricas\"}]}]}<\/script>\n<!-- \/ Yoast SEO plugin. -->","yoast_head_json":{"title":"Caretas COVID19 Gen\u00e9ricas - Gaman360 Proteccion facial","description":"Caretas COVID19, proteccion extra, material de PVC lavable, dise\u00f1os personalizables, medidas para ni\u00f1o y adulto, pregunta por todos los modelos.","robots":{"index":"index","follow":"follow","max-snippet":"max-snippet:-1","max-image-preview":"max-image-preview:large","max-video-preview":"max-video-preview:-1"},"canonical":"http:\/\/www.gaman360.com\/index.php\/caretas-covid19-genericas\/","og_locale":"es_MX","og_type":"article","og_title":"Caretas COVID19 Gen\u00e9ricas - Gaman360 Proteccion facial","og_description":"Caretas COVID19, proteccion extra, material de PVC lavable, dise\u00f1os personalizables, medidas para ni\u00f1o y adulto, pregunta por todos los modelos.","og_url":"http:\/\/www.gaman360.com\/index.php\/caretas-covid19-genericas\/","og_site_name":"Gaman360","article_publisher":"https:\/\/www.facebook.com\/gaman360.mx\/","article_modified_time":"2020-06-24T19:59:12+00:00","twitter_card":"summary_large_image","twitter_misc":{"Tiempo de lectura":"2 minutos"},"schema":{"@context":"https:\/\/schema.org","@graph":[{"@type":"Organization","@id":"http:\/\/www.gaman360.com\/#organization","name":"Gaman360","url":"http:\/\/www.gaman360.com\/","sameAs":["https:\/\/www.facebook.com\/gaman360.mx\/","https:\/\/www.instagram.com\/gaman360"],"logo":{"@type":"ImageObject","@id":"http:\/\/www.gaman360.com\/#logo","inLanguage":"es-MX","url":"http:\/\/www.gaman360.com\/wp-content\/uploads\/2018\/07\/Logo-Gaman-orig.png","contentUrl":"http:\/\/www.gaman360.com\/wp-content\/uploads\/2018\/07\/Logo-Gaman-orig.png","width":1100,"height":400,"caption":"Gaman360"},"image":{"@id":"http:\/\/www.gaman360.com\/#logo"}},{"@type":"WebSite","@id":"http:\/\/www.gaman360.com\/#website","url":"http:\/\/www.gaman360.com\/","name":"Gaman360","description":"PROFESIONALES EN IMPRESI\u00d3N Y FABRICACI\u00d3N DE MATERIALES POP","publisher":{"@id":"http:\/\/www.gaman360.com\/#organization"},"potentialAction":[{"@type":"SearchAction","target":{"@type":"EntryPoint","urlTemplate":"http:\/\/www.gaman360.com\/?s={search_term_string}"},"query-input":"required name=search_term_string"}],"inLanguage":"es-MX"},{"@type":"WebPage","@id":"http:\/\/www.gaman360.com\/index.php\/caretas-covid19-genericas\/#webpage","url":"http:\/\/www.gaman360.com\/index.php\/caretas-covid19-genericas\/","name":"Caretas COVID19 Gen\u00e9ricas - Gaman360 Proteccion facial","isPartOf":{"@id":"http:\/\/www.gaman360.com\/#website"},"datePublished":"2020-05-28T21:12:50+00:00","dateModified":"2020-06-24T19:59:12+00:00","description":"Caretas COVID19, proteccion extra, material de PVC lavable, dise\u00f1os personalizables, medidas para ni\u00f1o y adulto, pregunta por todos los modelos.","breadcrumb":{"@id":"http:\/\/www.gaman360.com\/index.php\/caretas-covid19-genericas\/#breadcrumb"},"inLanguage":"es-MX","potentialAction":[{"@type":"ReadAction","target":["http:\/\/www.gaman360.com\/index.php\/caretas-covid19-genericas\/"]}]},{"@type":"BreadcrumbList","@id":"http:\/\/www.gaman360.com\/index.php\/caretas-covid19-genericas\/#breadcrumb","itemListElement":[{"@type":"ListItem","position":1,"name":"Inicio","item":"http:\/\/www.gaman360.com\/"},{"@type":"ListItem","position":2,"name":"Caretas COVID19 Gen\u00e9ricas"}]}]}},"_links":{"self":[{"href":"http:\/\/www.gaman360.com\/index.php\/wp-json\/wp\/v2\/pages\/797"}],"collection":[{"href":"http:\/\/www.gaman360.com\/index.php\/wp-json\/wp\/v2\/pages"}],"about":[{"href":"http:\/\/www.gaman360.com\/index.php\/wp-json\/wp\/v2\/types\/page"}],"author":[{"embeddable":true,"href":"http:\/\/www.gaman360.com\/index.php\/wp-json\/wp\/v2\/users\/1"}],"replies":[{"embeddable":true,"href":"http:\/\/www.gaman360.com\/index.php\/wp-json\/wp\/v2\/comments?post=797"}],"version-history":[{"count":4,"href":"http:\/\/www.gaman360.com\/index.php\/wp-json\/wp\/v2\/pages\/797\/revisions"}],"predecessor-version":[{"id":821,"href":"http:\/\/www.gaman360.com\/index.php\/wp-json\/wp\/v2\/pages\/797\/revisions\/821"}],"wp:attachment":[{"href":"http:\/\/www.gaman360.com\/index.php\/wp-json\/wp\/v2\/media?parent=797"}],"curies":[{"name":"wp","href":"https:\/\/api.w.org\/{rel}","templated":true}]}}