{"id":841,"date":"2020-06-28T00:10:04","date_gmt":"2020-06-28T06:10:04","guid":{"rendered":"http:\/\/www.gaman360.com\/?page_id=841"},"modified":"2020-07-13T10:06:04","modified_gmt":"2020-07-13T16:06:04","slug":"salva-orejas","status":"publish","type":"page","link":"http:\/\/www.gaman360.com\/index.php\/salva-orejas\/","title":{"rendered":"Salva Orejas"},"content":{"rendered":"<p>[vc_row][vc_column][vc_single_image image=&#8221;842&#8243; img_size=&#8221;full&#8221; alignment=&#8221;center&#8221; onclick=&#8221;link_image&#8221; css=&#8221;.vc_custom_1593324278970{margin-top: -250px !important;}&#8221;][\/vc_column][\/vc_row][vc_row][vc_column width=&#8221;1\/2&#8243;][vc_column_text]<\/p>\n<h2>Salva orejas<\/h2>\n<p><b>CARACTER\u00cdSTICAS<\/b><strong>\u00a0GENERALES<\/strong><\/p>\n<p>\u2022 Estructura de PVC de 1.5mm.<br \/>\n\u2022 Ajuste para 3 medidas .<br \/>\n\u2022 Peso 15 gramos<br \/>\n\u2022 Material 100% lavable, resiste agua, jab\u00f3n, cloro.<br \/>\n\u2022 Disponible en color Blanco y Negro.<br \/>\n\u2022 Env\u00edo a domicilio en CDMX $50.00<br \/>\n\u2022 Tiempo de entrega 3 d\u00edas a partir de la fecha de su pedido[\/vc_column_text][\/vc_column][vc_column width=&#8221;1\/2&#8243; css=&#8221;.vc_custom_1593324575610{padding-top: 50px !important;}&#8221;][vc_single_image image=&#8221;843&#8243; img_size=&#8221;full&#8221; alignment=&#8221;center&#8221; onclick=&#8221;link_image&#8221;][\/vc_column][\/vc_row][vc_row][vc_column][vc_media_grid element_width=&#8221;3&#8243; grid_id=&#8221;vc_gid:1594655936207-9da264e1-42c2-10&#8243; include=&#8221;844,845,846,872&#8243;][vc_column_text css=&#8221;.vc_custom_1594656112670{padding-top: 25px !important;padding-bottom: 25px !important;}&#8221;]<\/p>\n<h3 style=\"text-align: center;\">Ahora con dise\u00f1o<\/h3>\n<p>[\/vc_column_text][vc_media_grid element_width=&#8221;2&#8243; gap=&#8221;3&#8243; initial_loading_animation=&#8221;none&#8221; grid_id=&#8221;vc_gid:1594656134460-3d6d772c-852d-8&#8243; include=&#8221;873,874,875,876,877,878,879,880,881,882,883,884,885,886,887,888,889,890,891,892,893,894,895,896,897,898,899,900,901,902&#8243;][\/vc_column][\/vc_row][vc_row][vc_column][vc_column_text]<strong>Actualmente contamos con dos colores:<\/strong><\/p>\n<p>Blanco y Negro<\/p>\n<p>Los pedidos para entrega en CDMX tienen un costo de $50 y para el interior de La Rep\u00fablica Mexicana tienen un costo de $180.00 pesos por paqueter\u00eda Fedex. Los env\u00edos por FEDEX se realizan en un sobre tama\u00f1o oficio con capacidad de una a 100 piezas.<\/p>\n<p>El proceso de compra es el siguiente:<\/p>\n<p>Paso 1 LEVANTA TU PEDIDO<br \/>\nEnv\u00edame un whatsapp al tel\u00e9fono 55-4448-4502 tu nombre, cantidad de caretas que deseas y modelo (especificando si son para ni\u00f1o o adulto y tipo de superh\u00e9roe) as\u00ed como tu direcci\u00f3n de entrega.<\/p>\n<p>Paso 2 DATOS DE DEP\u00d3SITO<\/p>\n<p>Banco Banamex<br \/>\nSucursal 7012<br \/>\nno. de cuenta 1132425<br \/>\nCLABE: 002180701211324255<br \/>\nTitular GAMAN 360 SA DE CV<br \/>\nIMPORTANTE: En el campo concepto escribe tu nombre.<\/p>\n<p>Paso 3. CONFIRMACI\u00d3N DE PAGO<br \/>\nRealiza tu pago. M\u00e1ndalo por este misma v\u00eda y te regreso tu confirmaci\u00f3n del pedido.<\/p>\n<p>Paso 4 ENV\u00cdOS Y RECEPCI\u00d3N<br \/>\nEn aproximadamente 5 d\u00edas te entregamos tu careta en CDMX (previa confirmaci\u00f3n telef\u00f3nica) y para el interior de La Rep\u00fablica Mexicana enviamos tu pedido por paqueter\u00eda. Fedex esta realizando env\u00edos a la Rep\u00fablica entregando de 3 d\u00edas aprox posteriores a que procesa el env\u00edo.[\/vc_column_text][\/vc_column][\/vc_row]<\/p>\n","protected":false},"excerpt":{"rendered":"<p>[vc_row][vc_column][vc_single_image image=&#8221;842&#8243; img_size=&#8221;full&#8221; alignment=&#8221;center&#8221; onclick=&#8221;link_image&#8221; css=&#8221;.vc_custom_1593324278970{margin-top: -250px !important;}&#8221;][\/vc_column][\/vc_row][vc_row][vc_column width=&#8221;1\/2&#8243;][vc_column_text] Salva orejas CARACTER\u00cdSTICAS\u00a0GENERALES \u2022 Estructura de PVC de 1.5mm. \u2022 Ajuste para 3 medidas . \u2022 Peso 15 gramos \u2022 Material 100% lavable, resiste agua, jab\u00f3n, cloro. \u2022 Disponible en color Blanco y Negro. \u2022 Env\u00edo a domicilio en CDMX $50.00 \u2022 Tiempo de entrega 3&hellip; <br \/> <a class=\"button small blue\" href=\"http:\/\/www.gaman360.com\/index.php\/salva-orejas\/\">Read more<\/a><\/p>\n","protected":false},"author":1,"featured_media":0,"parent":0,"menu_order":0,"comment_status":"closed","ping_status":"closed","template":"","meta":[],"yoast_head":"<!-- This site is optimized with the Yoast SEO plugin v17.7.1 - https:\/\/yoast.com\/wordpress\/plugins\/seo\/ -->\n<title>Salva Orejas - Gaman360<\/title>\n<meta name=\"robots\" content=\"index, follow, max-snippet:-1, max-image-preview:large, max-video-preview:-1\" \/>\n<link rel=\"canonical\" href=\"http:\/\/www.gaman360.com\/index.php\/salva-orejas\/\" \/>\n<meta property=\"og:locale\" content=\"es_MX\" \/>\n<meta property=\"og:type\" content=\"article\" \/>\n<meta property=\"og:title\" content=\"Salva Orejas - Gaman360\" \/>\n<meta property=\"og:description\" content=\"[vc_row][vc_column][vc_single_image image=&#8221;842&#8243; img_size=&#8221;full&#8221; alignment=&#8221;center&#8221; onclick=&#8221;link_image&#8221; css=&#8221;.vc_custom_1593324278970{margin-top: -250px !important;}&#8221;][\/vc_column][\/vc_row][vc_row][vc_column width=&#8221;1\/2&#8243;][vc_column_text] Salva orejas CARACTER\u00cdSTICAS\u00a0GENERALES \u2022 Estructura de PVC de 1.5mm. \u2022 Ajuste para 3 medidas . \u2022 Peso 15 gramos \u2022 Material 100% lavable, resiste agua, jab\u00f3n, cloro. \u2022 Disponible en color Blanco y Negro. \u2022 Env\u00edo a domicilio en CDMX $50.00 \u2022 Tiempo de entrega 3&hellip; Read more\" \/>\n<meta property=\"og:url\" content=\"http:\/\/www.gaman360.com\/index.php\/salva-orejas\/\" \/>\n<meta property=\"og:site_name\" content=\"Gaman360\" \/>\n<meta property=\"article:publisher\" content=\"https:\/\/www.facebook.com\/gaman360.mx\/\" \/>\n<meta property=\"article:modified_time\" content=\"2020-07-13T16:06:04+00:00\" \/>\n<meta name=\"twitter:card\" content=\"summary_large_image\" \/>\n<meta name=\"twitter:label1\" content=\"Tiempo de lectura\" \/>\n\t<meta name=\"twitter:data1\" content=\"2 minutos\" \/>\n<script type=\"application\/ld+json\" class=\"yoast-schema-graph\">{\"@context\":\"https:\/\/schema.org\",\"@graph\":[{\"@type\":\"Organization\",\"@id\":\"http:\/\/www.gaman360.com\/#organization\",\"name\":\"Gaman360\",\"url\":\"http:\/\/www.gaman360.com\/\",\"sameAs\":[\"https:\/\/www.facebook.com\/gaman360.mx\/\",\"https:\/\/www.instagram.com\/gaman360\"],\"logo\":{\"@type\":\"ImageObject\",\"@id\":\"http:\/\/www.gaman360.com\/#logo\",\"inLanguage\":\"es-MX\",\"url\":\"http:\/\/www.gaman360.com\/wp-content\/uploads\/2018\/07\/Logo-Gaman-orig.png\",\"contentUrl\":\"http:\/\/www.gaman360.com\/wp-content\/uploads\/2018\/07\/Logo-Gaman-orig.png\",\"width\":1100,\"height\":400,\"caption\":\"Gaman360\"},\"image\":{\"@id\":\"http:\/\/www.gaman360.com\/#logo\"}},{\"@type\":\"WebSite\",\"@id\":\"http:\/\/www.gaman360.com\/#website\",\"url\":\"http:\/\/www.gaman360.com\/\",\"name\":\"Gaman360\",\"description\":\"PROFESIONALES EN IMPRESI\\u00d3N Y FABRICACI\\u00d3N DE MATERIALES POP\",\"publisher\":{\"@id\":\"http:\/\/www.gaman360.com\/#organization\"},\"potentialAction\":[{\"@type\":\"SearchAction\",\"target\":{\"@type\":\"EntryPoint\",\"urlTemplate\":\"http:\/\/www.gaman360.com\/?s={search_term_string}\"},\"query-input\":\"required name=search_term_string\"}],\"inLanguage\":\"es-MX\"},{\"@type\":\"WebPage\",\"@id\":\"http:\/\/www.gaman360.com\/index.php\/salva-orejas\/#webpage\",\"url\":\"http:\/\/www.gaman360.com\/index.php\/salva-orejas\/\",\"name\":\"Salva Orejas - Gaman360\",\"isPartOf\":{\"@id\":\"http:\/\/www.gaman360.com\/#website\"},\"datePublished\":\"2020-06-28T06:10:04+00:00\",\"dateModified\":\"2020-07-13T16:06:04+00:00\",\"breadcrumb\":{\"@id\":\"http:\/\/www.gaman360.com\/index.php\/salva-orejas\/#breadcrumb\"},\"inLanguage\":\"es-MX\",\"potentialAction\":[{\"@type\":\"ReadAction\",\"target\":[\"http:\/\/www.gaman360.com\/index.php\/salva-orejas\/\"]}]},{\"@type\":\"BreadcrumbList\",\"@id\":\"http:\/\/www.gaman360.com\/index.php\/salva-orejas\/#breadcrumb\",\"itemListElement\":[{\"@type\":\"ListItem\",\"position\":1,\"name\":\"Inicio\",\"item\":\"http:\/\/www.gaman360.com\/\"},{\"@type\":\"ListItem\",\"position\":2,\"name\":\"Salva Orejas\"}]}]}<\/script>\n<!-- \/ Yoast SEO plugin. -->","yoast_head_json":{"title":"Salva Orejas - Gaman360","robots":{"index":"index","follow":"follow","max-snippet":"max-snippet:-1","max-image-preview":"max-image-preview:large","max-video-preview":"max-video-preview:-1"},"canonical":"http:\/\/www.gaman360.com\/index.php\/salva-orejas\/","og_locale":"es_MX","og_type":"article","og_title":"Salva Orejas - Gaman360","og_description":"[vc_row][vc_column][vc_single_image image=&#8221;842&#8243; img_size=&#8221;full&#8221; alignment=&#8221;center&#8221; onclick=&#8221;link_image&#8221; css=&#8221;.vc_custom_1593324278970{margin-top: -250px !important;}&#8221;][\/vc_column][\/vc_row][vc_row][vc_column width=&#8221;1\/2&#8243;][vc_column_text] Salva orejas CARACTER\u00cdSTICAS\u00a0GENERALES \u2022 Estructura de PVC de 1.5mm. \u2022 Ajuste para 3 medidas . \u2022 Peso 15 gramos \u2022 Material 100% lavable, resiste agua, jab\u00f3n, cloro. \u2022 Disponible en color Blanco y Negro. \u2022 Env\u00edo a domicilio en CDMX $50.00 \u2022 Tiempo de entrega 3&hellip; Read more","og_url":"http:\/\/www.gaman360.com\/index.php\/salva-orejas\/","og_site_name":"Gaman360","article_publisher":"https:\/\/www.facebook.com\/gaman360.mx\/","article_modified_time":"2020-07-13T16:06:04+00:00","twitter_card":"summary_large_image","twitter_misc":{"Tiempo de lectura":"2 minutos"},"schema":{"@context":"https:\/\/schema.org","@graph":[{"@type":"Organization","@id":"http:\/\/www.gaman360.com\/#organization","name":"Gaman360","url":"http:\/\/www.gaman360.com\/","sameAs":["https:\/\/www.facebook.com\/gaman360.mx\/","https:\/\/www.instagram.com\/gaman360"],"logo":{"@type":"ImageObject","@id":"http:\/\/www.gaman360.com\/#logo","inLanguage":"es-MX","url":"http:\/\/www.gaman360.com\/wp-content\/uploads\/2018\/07\/Logo-Gaman-orig.png","contentUrl":"http:\/\/www.gaman360.com\/wp-content\/uploads\/2018\/07\/Logo-Gaman-orig.png","width":1100,"height":400,"caption":"Gaman360"},"image":{"@id":"http:\/\/www.gaman360.com\/#logo"}},{"@type":"WebSite","@id":"http:\/\/www.gaman360.com\/#website","url":"http:\/\/www.gaman360.com\/","name":"Gaman360","description":"PROFESIONALES EN IMPRESI\u00d3N Y FABRICACI\u00d3N DE MATERIALES POP","publisher":{"@id":"http:\/\/www.gaman360.com\/#organization"},"potentialAction":[{"@type":"SearchAction","target":{"@type":"EntryPoint","urlTemplate":"http:\/\/www.gaman360.com\/?s={search_term_string}"},"query-input":"required name=search_term_string"}],"inLanguage":"es-MX"},{"@type":"WebPage","@id":"http:\/\/www.gaman360.com\/index.php\/salva-orejas\/#webpage","url":"http:\/\/www.gaman360.com\/index.php\/salva-orejas\/","name":"Salva Orejas - Gaman360","isPartOf":{"@id":"http:\/\/www.gaman360.com\/#website"},"datePublished":"2020-06-28T06:10:04+00:00","dateModified":"2020-07-13T16:06:04+00:00","breadcrumb":{"@id":"http:\/\/www.gaman360.com\/index.php\/salva-orejas\/#breadcrumb"},"inLanguage":"es-MX","potentialAction":[{"@type":"ReadAction","target":["http:\/\/www.gaman360.com\/index.php\/salva-orejas\/"]}]},{"@type":"BreadcrumbList","@id":"http:\/\/www.gaman360.com\/index.php\/salva-orejas\/#breadcrumb","itemListElement":[{"@type":"ListItem","position":1,"name":"Inicio","item":"http:\/\/www.gaman360.com\/"},{"@type":"ListItem","position":2,"name":"Salva Orejas"}]}]}},"_links":{"self":[{"href":"http:\/\/www.gaman360.com\/index.php\/wp-json\/wp\/v2\/pages\/841"}],"collection":[{"href":"http:\/\/www.gaman360.com\/index.php\/wp-json\/wp\/v2\/pages"}],"about":[{"href":"http:\/\/www.gaman360.com\/index.php\/wp-json\/wp\/v2\/types\/page"}],"author":[{"embeddable":true,"href":"http:\/\/www.gaman360.com\/index.php\/wp-json\/wp\/v2\/users\/1"}],"replies":[{"embeddable":true,"href":"http:\/\/www.gaman360.com\/index.php\/wp-json\/wp\/v2\/comments?post=841"}],"version-history":[{"count":4,"href":"http:\/\/www.gaman360.com\/index.php\/wp-json\/wp\/v2\/pages\/841\/revisions"}],"predecessor-version":[{"id":903,"href":"http:\/\/www.gaman360.com\/index.php\/wp-json\/wp\/v2\/pages\/841\/revisions\/903"}],"wp:attachment":[{"href":"http:\/\/www.gaman360.com\/index.php\/wp-json\/wp\/v2\/media?parent=841"}],"curies":[{"name":"wp","href":"https:\/\/api.w.org\/{rel}","templated":true}]}}